{"id":120,"date":"2025-05-20T14:19:53","date_gmt":"2025-05-20T12:19:53","guid":{"rendered":"https:\/\/goya.everthemes.com\/demo-decor\/?post_type=product&#038;p=120"},"modified":"2026-03-17T08:52:01","modified_gmt":"2026-03-17T07:52:01","slug":"compresseur-electrique","status":"publish","type":"product","link":"https:\/\/beka-shop.ch\/index.php\/product\/compresseur-electrique\/","title":{"rendered":"Compr. \u00e9lectr. avec Driver fix\u00e9 au comp. sans tuyau HP"},"content":{"rendered":"<p>Le compresseur \u00e9lectrique est l\u2019un des produits phares de notre entreprise, il a su se d\u00e9marquer des concurrents gr\u00e2ce \u00e0 ses performances \u00e9lev\u00e9es et une consommation \u00e9nerg\u00e9tique qui n\u2019a pas de r\u00e9percussions sur le v\u00e9hicule. Le compresseur existe en variantes 12 ou 24 volts.<\/p>\n<h4><img decoding=\"async\" class=\"alignnone wp-image-1920 size-medium\" src=\"https:\/\/proscreen1jet.site\/wp-content\/uploads\/2025\/06\/1200-1-300x161.jpg\" alt=\"\" width=\"300\" height=\"161\" srcset=\"https:\/\/beka-shop.ch\/wp-content\/uploads\/2025\/06\/1200-1-300x161.jpg 300w, https:\/\/beka-shop.ch\/wp-content\/uploads\/2025\/06\/1200-1-324x174.jpg 324w, https:\/\/beka-shop.ch\/wp-content\/uploads\/2025\/06\/1200-1-416x223.jpg 416w, https:\/\/beka-shop.ch\/wp-content\/uploads\/2025\/06\/1200-1-150x81.jpg 150w, https:\/\/beka-shop.ch\/wp-content\/uploads\/2025\/06\/1200-1.jpg 600w\" sizes=\"(max-width: 300px) 100vw, 300px\" \/><\/h4>\n<h4>Product Details<\/h4>\n<ul>\n<li>Arpa Laminate (0509 Nero Erre)<\/li>\n<li>Powder Coated Steel (RAL 9005)<\/li>\n<li>Bulb Socket: G9<\/li>\n<li>Bulb (included): LED, 4.5W, 100-130V, 450lm, 2700K, CRI 80, rated for 15,000 hours<\/li>\n<li>Cord: 6.5 feet, white, fabric<\/li>\n<li>Metal knob functions as switch and dimmer<\/li>\n<\/ul>\n<h4>Dimensions<\/h4>\n<p><img fetchpriority=\"high\" decoding=\"async\" class=\"aligncenter wp-image-126 size-large\" src=\"https:\/\/goya.b-cdn.net\/assets\/demo\/content\/uploads\/sites\/2\/2019\/07\/circular-table-dimensions-996x1024.jpg\" alt=\"\" width=\"996\" height=\"1024\" \/><\/p>\n","protected":false},"excerpt":{"rendered":"<p class=\"title font-title\">Compr. \u00e9lectr. avec Driver fix\u00e9 au comp.<br \/>\nsans tuyau HP<\/p>\n","protected":false},"featured_media":1941,"comment_status":"open","ping_status":"closed","template":"","meta":[],"product_brand":[],"product_cat":[24],"product_tag":[39],"class_list":{"0":"post-120","1":"product","2":"type-product","3":"status-publish","4":"has-post-thumbnail","6":"product_cat-compresseurs-et-accessoires","7":"product_tag-living","9":"first","10":"outofstock","11":"shipping-taxable","12":"purchasable","13":"product-type-simple"},"_links":{"self":[{"href":"https:\/\/beka-shop.ch\/index.php\/wp-json\/wp\/v2\/product\/120","targetHints":{"allow":["GET"]}}],"collection":[{"href":"https:\/\/beka-shop.ch\/index.php\/wp-json\/wp\/v2\/product"}],"about":[{"href":"https:\/\/beka-shop.ch\/index.php\/wp-json\/wp\/v2\/types\/product"}],"replies":[{"embeddable":true,"href":"https:\/\/beka-shop.ch\/index.php\/wp-json\/wp\/v2\/comments?post=120"}],"wp:featuredmedia":[{"embeddable":true,"href":"https:\/\/beka-shop.ch\/index.php\/wp-json\/wp\/v2\/media\/1941"}],"wp:attachment":[{"href":"https:\/\/beka-shop.ch\/index.php\/wp-json\/wp\/v2\/media?parent=120"}],"wp:term":[{"taxonomy":"product_brand","embeddable":true,"href":"https:\/\/beka-shop.ch\/index.php\/wp-json\/wp\/v2\/product_brand?post=120"},{"taxonomy":"product_cat","embeddable":true,"href":"https:\/\/beka-shop.ch\/index.php\/wp-json\/wp\/v2\/product_cat?post=120"},{"taxonomy":"product_tag","embeddable":true,"href":"https:\/\/beka-shop.ch\/index.php\/wp-json\/wp\/v2\/product_tag?post=120"}],"curies":[{"name":"wp","href":"https:\/\/api.w.org\/{rel}","templated":true}]}}